{"id":20223,"date":"2025-06-17T17:54:04","date_gmt":"2025-06-17T16:54:04","guid":{"rendered":"https:\/\/apthisa.com\/?post_type=product&#038;p=20223"},"modified":"2025-06-17T18:13:28","modified_gmt":"2025-06-17T17:13:28","slug":"curso-operaciones-menores-de-legionella","status":"publish","type":"product","link":"https:\/\/apthisa.com\/en\/product\/curso-operaciones-menores-de-legionella\/","title":{"rendered":"Curso Operaciones Menores de Legionella"},"content":{"rendered":"<p>Obt\u00e9n tu formaci\u00f3n para realizar operaciones menores para el control y prevenci\u00f3n de la Legionella.<\/p>\n<p>Disponer de formaci\u00f3n en el Control de Legionella es requisito obligatorio para todas aquellas personas responsables de realizar operaciones de Legionella (mediciones in situ, cumplimentaci\u00f3n de registros, prugas, revisiones&#8230;) .<\/p>\n<p>Este curso est\u00e1 estimado en 12 horas online.<\/p>\n<p>Si est\u00e1s interesad@ en inscribirte, una vez te inscribas y realices el pago en el plazo m\u00e1ximo de 24h laborales nos pondremos en contacto contigo para verificar tu compra.<\/p>\n<p>For companies we can process the course subsidies through the available credit. If you are a company and the course is for a worker who is in the general social security scheme, please tick Yes in the Bonus for companies section so that we can process the bonuses for you. We will send you the documents we need you to fill in and send them back to us.<\/p>\n<p>Una vez finalizado satisfactoriamente el curso te enviaremos tu Certificado de aprovechamiento del curso a tu direcci\u00f3n de correo electr\u00f3nico facilitada.<\/p>\n<p>For more information press <a title=\"Temario Operaciones Menores\" href=\"https:\/\/apthisa.com\/wp-content\/uploads\/2025\/06\/INFO-Curso-Operaciones-Menores-Legionella-Rev.01.pdf\" target=\"_blank\" rel=\"noopener\">HERE<\/a>.<\/p>","protected":false},"excerpt":{"rendered":"<p>Obt\u00e9n tu formaci\u00f3n para la realizaci\u00f3n de operaciones menores para el control y prevenci\u00f3n de la Legionella.<\/p>","protected":false},"featured_media":20235,"comment_status":"open","ping_status":"closed","template":"","meta":{"site-sidebar-layout":"default","site-content-layout":"","ast-site-content-layout":"default","site-content-style":"default","site-sidebar-style":"default","ast-global-header-display":"","ast-banner-title-visibility":"","ast-main-header-display":"","ast-hfb-above-header-display":"","ast-hfb-below-header-display":"","ast-hfb-mobile-header-display":"","site-post-title":"","ast-breadcrumbs-content":"","ast-featured-img":"","footer-sml-layout":"","ast-disable-related-posts":"","theme-transparent-header-meta":"","adv-header-id-meta":"","stick-header-meta":"","header-above-stick-meta":"","header-main-stick-meta":"","header-below-stick-meta":"","astra-migrate-meta-layouts":"default","ast-page-background-enabled":"default","ast-page-background-meta":{"desktop":{"background-color":"var(--ast-global-color-5)","background-image":"","background-repeat":"repeat","background-position":"center center","background-size":"auto","background-attachment":"scroll","background-type":"","background-media":"","overlay-type":"","overlay-color":"","overlay-opacity":"","overlay-gradient":""},"tablet":{"background-color":"","background-image":"","background-repeat":"repeat","background-position":"center center","background-size":"auto","background-attachment":"scroll","background-type":"","background-media":"","overlay-type":"","overlay-color":"","overlay-opacity":"","overlay-gradient":""},"mobile":{"background-color":"","background-image":"","background-repeat":"repeat","background-position":"center center","background-size":"auto","background-attachment":"scroll","background-type":"","background-media":"","overlay-type":"","overlay-color":"","overlay-opacity":"","overlay-gradient":""}},"ast-content-background-meta":{"desktop":{"background-color":"var(--ast-global-color-4)","background-image":"","background-repeat":"repeat","background-position":"center center","background-size":"auto","background-attachment":"scroll","background-type":"","background-media":"","overlay-type":"","overlay-color":"","overlay-opacity":"","overlay-gradient":""},"tablet":{"background-color":"var(--ast-global-color-4)","background-image":"","background-repeat":"repeat","background-position":"center center","background-size":"auto","background-attachment":"scroll","background-type":"","background-media":"","overlay-type":"","overlay-color":"","overlay-opacity":"","overlay-gradient":""},"mobile":{"background-color":"var(--ast-global-color-4)","background-image":"","background-repeat":"repeat","background-position":"center center","background-size":"auto","background-attachment":"scroll","background-type":"","background-media":"","overlay-type":"","overlay-color":"","overlay-opacity":"","overlay-gradient":""}}},"product_brand":[],"product_cat":[257],"product_tag":[313,299,284,301,253,314,310,311,300,476,312],"class_list":{"0":"post-20223","1":"product","2":"type-product","3":"status-publish","4":"has-post-thumbnail","6":"product_cat-formacion","7":"product_tag-aerosoles","8":"product_tag-agua","9":"product_tag-calidad","10":"product_tag-control","11":"product_tag-curso","12":"product_tag-curso-inicial","13":"product_tag-legionella","14":"product_tag-legionelosis","15":"product_tag-mantenimiento","16":"product_tag-operaciones-menores","17":"product_tag-torres-refrigeracion","18":"product_shipping_class-virtual","19":"pa_bonificacion-no","20":"pa_bonificacion-si-soy-empresa-y-quiero-bonificarme-el-curso","21":"pa_modalidad-online","22":"desktop-align-left","23":"tablet-align-left","24":"mobile-align-left","26":"first","27":"instock","28":"purchasable","29":"product-type-variable"},"aioseo_notices":[],"_links":{"self":[{"href":"https:\/\/apthisa.com\/en\/wp-json\/wp\/v2\/product\/20223","targetHints":{"allow":["GET"]}}],"collection":[{"href":"https:\/\/apthisa.com\/en\/wp-json\/wp\/v2\/product"}],"about":[{"href":"https:\/\/apthisa.com\/en\/wp-json\/wp\/v2\/types\/product"}],"replies":[{"embeddable":true,"href":"https:\/\/apthisa.com\/en\/wp-json\/wp\/v2\/comments?post=20223"}],"wp:featuredmedia":[{"embeddable":true,"href":"https:\/\/apthisa.com\/en\/wp-json\/wp\/v2\/media\/20235"}],"wp:attachment":[{"href":"https:\/\/apthisa.com\/en\/wp-json\/wp\/v2\/media?parent=20223"}],"wp:term":[{"taxonomy":"product_brand","embeddable":true,"href":"https:\/\/apthisa.com\/en\/wp-json\/wp\/v2\/product_brand?post=20223"},{"taxonomy":"product_cat","embeddable":true,"href":"https:\/\/apthisa.com\/en\/wp-json\/wp\/v2\/product_cat?post=20223"},{"taxonomy":"product_tag","embeddable":true,"href":"https:\/\/apthisa.com\/en\/wp-json\/wp\/v2\/product_tag?post=20223"}],"curies":[{"name":"wp","href":"https:\/\/api.w.org\/{rel}","templated":true}]}}