{"id":19959,"date":"2025-05-09T12:50:13","date_gmt":"2025-05-09T11:50:13","guid":{"rendered":"https:\/\/apthisa.com\/?page_id=19959"},"modified":"2025-05-09T12:58:11","modified_gmt":"2025-05-09T11:58:11","slug":"complementos-alimenticios","status":"publish","type":"page","link":"https:\/\/apthisa.com\/en\/complementos-alimenticios\/","title":{"rendered":"Complementos alimenticios"},"content":{"rendered":"<div data-elementor-type=\"wp-page\" data-elementor-id=\"19959\" class=\"elementor elementor-19959\">\n\t\t\t\t\t\t<section class=\"elementor-section elementor-top-section elementor-element elementor-element-8558ff6 elementor-section-boxed elementor-section-height-default elementor-section-height-default jltma-glass-effect-no\" data-id=\"8558ff6\" data-element_type=\"section\" data-e-type=\"section\">\n\t\t\t\t\t\t<div class=\"elementor-container elementor-column-gap-default\">\n\t\t\t\t\t<div class=\"elementor-column elementor-col-100 elementor-top-column elementor-element elementor-element-f7b4692 jltma-glass-effect-no\" data-id=\"f7b4692\" data-element_type=\"column\" data-e-type=\"column\">\n\t\t\t<div class=\"elementor-widget-wrap elementor-element-populated\">\n\t\t\t\t\t\t<div class=\"elementor-element elementor-element-7e52921 jltma-glass-effect-no elementor-widget elementor-widget-heading\" data-id=\"7e52921\" data-element_type=\"widget\" data-e-type=\"widget\" data-widget_type=\"heading.default\">\n\t\t\t\t<div class=\"elementor-widget-container\">\n\t\t\t\t\t<h1 class=\"elementor-heading-title elementor-size-default\">FOOD SUPPLEMENTS IN THE MARKET<\/h1>\t\t\t\t<\/div>\n\t\t\t\t<\/div>\n\t\t\t\t\t<\/div>\n\t\t<\/div>\n\t\t\t\t\t<\/div>\n\t\t<\/section>\n\t\t\t\t<section class=\"elementor-section elementor-top-section elementor-element elementor-element-3cd15f4 elementor-section-stretched elementor-section-boxed elementor-section-height-default elementor-section-height-default jltma-glass-effect-no\" data-id=\"3cd15f4\" data-element_type=\"section\" data-e-type=\"section\" data-settings=\"{&quot;stretch_section&quot;:&quot;section-stretched&quot;,&quot;background_background&quot;:&quot;gradient&quot;}\">\n\t\t\t\t\t\t<div class=\"elementor-container elementor-column-gap-default\">\n\t\t\t\t\t<div class=\"elementor-column elementor-col-100 elementor-top-column elementor-element elementor-element-95bebb8 jltma-glass-effect-no\" data-id=\"95bebb8\" data-element_type=\"column\" data-e-type=\"column\" data-settings=\"{&quot;background_background&quot;:&quot;gradient&quot;}\">\n\t\t\t<div class=\"elementor-widget-wrap elementor-element-populated\">\n\t\t\t\t\t\t<div class=\"elementor-element elementor-element-08b1234 jltma-glass-effect-no elementor-widget elementor-widget-text-editor\" data-id=\"08b1234\" data-element_type=\"widget\" data-e-type=\"widget\" data-widget_type=\"text-editor.default\">\n\t\t\t\t<div class=\"elementor-widget-container\">\n\t\t\t\t\t\t\t\t\t<p>What are food supplements?<\/p>\t\t\t\t\t\t\t\t<\/div>\n\t\t\t\t<\/div>\n\t\t\t\t\t<\/div>\n\t\t<\/div>\n\t\t\t\t\t<\/div>\n\t\t<\/section>\n\t\t\t\t<section class=\"elementor-section elementor-top-section elementor-element elementor-element-558ef831 elementor-section-boxed elementor-section-height-default elementor-section-height-default jltma-glass-effect-no\" data-id=\"558ef831\" data-element_type=\"section\" data-e-type=\"section\">\n\t\t\t\t\t\t<div class=\"elementor-container elementor-column-gap-default\">\n\t\t\t\t\t<div class=\"elementor-column elementor-col-100 elementor-top-column elementor-element elementor-element-1a9732c3 jltma-glass-effect-no\" data-id=\"1a9732c3\" data-element_type=\"column\" data-e-type=\"column\">\n\t\t\t<div class=\"elementor-widget-wrap elementor-element-populated\">\n\t\t\t\t\t\t<div class=\"elementor-element elementor-element-5698f39 jltma-glass-effect-no elementor-widget elementor-widget-spacer\" data-id=\"5698f39\" data-element_type=\"widget\" data-e-type=\"widget\" data-widget_type=\"spacer.default\">\n\t\t\t\t<div class=\"elementor-widget-container\">\n\t\t\t\t\t\t\t<div class=\"elementor-spacer\">\n\t\t\t<div class=\"elementor-spacer-inner\"><\/div>\n\t\t<\/div>\n\t\t\t\t\t\t<\/div>\n\t\t\t\t<\/div>\n\t\t\t\t<section class=\"elementor-section elementor-inner-section elementor-element elementor-element-899565f elementor-section-boxed elementor-section-height-default elementor-section-height-default jltma-glass-effect-no\" data-id=\"899565f\" data-element_type=\"section\" data-e-type=\"section\">\n\t\t\t\t\t\t<div class=\"elementor-container elementor-column-gap-default\">\n\t\t\t\t\t<div class=\"elementor-column elementor-col-50 elementor-inner-column elementor-element elementor-element-2564d68 jltma-glass-effect-no\" data-id=\"2564d68\" data-element_type=\"column\" data-e-type=\"column\">\n\t\t\t<div class=\"elementor-widget-wrap elementor-element-populated\">\n\t\t\t\t\t\t<div class=\"elementor-element elementor-element-2e5b64e jltma-glass-effect-no elementor-widget elementor-widget-text-editor\" data-id=\"2e5b64e\" data-element_type=\"widget\" data-e-type=\"widget\" data-widget_type=\"text-editor.default\">\n\t\t\t\t<div class=\"elementor-widget-container\">\n\t\t\t\t\t\t\t\t\t<p>These are food products whose purpose is to complement the normal diet and consist of concentrated sources of nutrients or other substances that have a nutritional or physiological effect, in simple or combined form.<\/p><p>They are sold in dosed form, that is:<\/p><ul><li>Capsules, pills, tablets, tablets and other similar forms.<\/li><li>Powder sachets, liquid ampoules, dropper bottles, and other similar forms of liquids and powders that must be taken in small, unit quantities.<\/li><\/ul>\t\t\t\t\t\t\t\t<\/div>\n\t\t\t\t<\/div>\n\t\t\t\t\t<\/div>\n\t\t<\/div>\n\t\t\t\t<div class=\"elementor-column elementor-col-50 elementor-inner-column elementor-element elementor-element-ed2ffd3 jltma-glass-effect-no\" data-id=\"ed2ffd3\" data-element_type=\"column\" data-e-type=\"column\">\n\t\t\t<div class=\"elementor-widget-wrap elementor-element-populated\">\n\t\t\t\t\t\t<div class=\"elementor-element elementor-element-f059507 elementor-widget__width-initial jltma-glass-effect-no elementor-widget elementor-widget-image\" data-id=\"f059507\" data-element_type=\"widget\" data-e-type=\"widget\" data-widget_type=\"image.default\">\n\t\t\t\t<div class=\"elementor-widget-container\">\n\t\t\t\t\t\t\t\t\t\t\t\t\t\t\t<img fetchpriority=\"high\" decoding=\"async\" width=\"1024\" height=\"683\" src=\"https:\/\/apthisa.com\/wp-content\/uploads\/2025\/05\/vista-superior-de-pildoras-de-farmacia-y-tratamiento-natural-1024x683.jpg\" class=\"attachment-large size-large wp-image-19960\" alt=\"complementos\" srcset=\"https:\/\/apthisa.com\/wp-content\/uploads\/2025\/05\/vista-superior-de-pildoras-de-farmacia-y-tratamiento-natural-1024x683.jpg 1024w, https:\/\/apthisa.com\/wp-content\/uploads\/2025\/05\/vista-superior-de-pildoras-de-farmacia-y-tratamiento-natural-300x200.jpg 300w, https:\/\/apthisa.com\/wp-content\/uploads\/2025\/05\/vista-superior-de-pildoras-de-farmacia-y-tratamiento-natural-768x512.jpg 768w, https:\/\/apthisa.com\/wp-content\/uploads\/2025\/05\/vista-superior-de-pildoras-de-farmacia-y-tratamiento-natural-1536x1024.jpg 1536w, https:\/\/apthisa.com\/wp-content\/uploads\/2025\/05\/vista-superior-de-pildoras-de-farmacia-y-tratamiento-natural.jpg 2048w, https:\/\/apthisa.com\/wp-content\/uploads\/2025\/05\/vista-superior-de-pildoras-de-farmacia-y-tratamiento-natural-18x12.jpg 18w, https:\/\/apthisa.com\/wp-content\/uploads\/2025\/05\/vista-superior-de-pildoras-de-farmacia-y-tratamiento-natural-1000x667.jpg 1000w, https:\/\/apthisa.com\/wp-content\/uploads\/2025\/05\/vista-superior-de-pildoras-de-farmacia-y-tratamiento-natural-272x182.jpg 272w\" sizes=\"(max-width: 1024px) 100vw, 1024px\" \/>\t\t\t\t\t\t\t\t\t\t\t\t\t\t\t<\/div>\n\t\t\t\t<\/div>\n\t\t\t\t\t<\/div>\n\t\t<\/div>\n\t\t\t\t\t<\/div>\n\t\t<\/section>\n\t\t\t\t<div class=\"elementor-element elementor-element-d9615a7 jltma-glass-effect-no elementor-widget elementor-widget-text-editor\" data-id=\"d9615a7\" data-element_type=\"widget\" data-e-type=\"widget\" data-widget_type=\"text-editor.default\">\n\t\t\t\t<div class=\"elementor-widget-container\">\n\t\t\t\t\t\t\t\t\t<p style=\"text-align: center;\"><span style=\"text-align: center; font-size: 14pt;\">Desde APTHISA acompa\u00f1amos a los responsables de las empresas fabricantes o comercializadoras de complementos alimenticios en todos los tr\u00e1mites regulatorios que aplican a su puesta en el mercado, incluyendo, si es necesario, la inscripci\u00f3n previa en el Registro General Sanitario de Empresas Alimentarias y Alimentos (RGSEAA).<\/span><\/p>\t\t\t\t\t\t\t\t<\/div>\n\t\t\t\t<\/div>\n\t\t\t\t\t<\/div>\n\t\t<\/div>\n\t\t\t\t\t<\/div>\n\t\t<\/section>\n\t\t\t\t<section class=\"elementor-section elementor-top-section elementor-element elementor-element-23e0ac1 elementor-section-stretched elementor-section-boxed elementor-section-height-default elementor-section-height-default jltma-glass-effect-no\" data-id=\"23e0ac1\" data-element_type=\"section\" data-e-type=\"section\" data-settings=\"{&quot;stretch_section&quot;:&quot;section-stretched&quot;,&quot;background_background&quot;:&quot;gradient&quot;}\">\n\t\t\t\t\t\t<div class=\"elementor-container elementor-column-gap-default\">\n\t\t\t\t\t<div class=\"elementor-column elementor-col-100 elementor-top-column elementor-element elementor-element-251964a jltma-glass-effect-no\" data-id=\"251964a\" data-element_type=\"column\" data-e-type=\"column\" data-settings=\"{&quot;background_background&quot;:&quot;gradient&quot;}\">\n\t\t\t<div class=\"elementor-widget-wrap elementor-element-populated\">\n\t\t\t\t\t\t<div class=\"elementor-element elementor-element-f54e8fe jltma-glass-effect-no elementor-widget elementor-widget-text-editor\" data-id=\"f54e8fe\" data-element_type=\"widget\" data-e-type=\"widget\" data-widget_type=\"text-editor.default\">\n\t\t\t\t<div class=\"elementor-widget-container\">\n\t\t\t\t\t\t\t\t\t<p>\u00bfCu\u00e1les son los pasos para la puesta en el mercado de los complementos alimenticios?<\/p>\t\t\t\t\t\t\t\t<\/div>\n\t\t\t\t<\/div>\n\t\t\t\t\t<\/div>\n\t\t<\/div>\n\t\t\t\t\t<\/div>\n\t\t<\/section>\n\t\t\t\t<section class=\"elementor-section elementor-top-section elementor-element elementor-element-19e14ad elementor-section-boxed elementor-section-height-default elementor-section-height-default jltma-glass-effect-no\" data-id=\"19e14ad\" data-element_type=\"section\" data-e-type=\"section\">\n\t\t\t\t\t\t<div class=\"elementor-container elementor-column-gap-default\">\n\t\t\t\t\t<div class=\"elementor-column elementor-col-100 elementor-top-column elementor-element elementor-element-a70c878 jltma-glass-effect-no\" data-id=\"a70c878\" data-element_type=\"column\" data-e-type=\"column\">\n\t\t\t<div class=\"elementor-widget-wrap elementor-element-populated\">\n\t\t\t\t\t\t<div class=\"elementor-element elementor-element-f3f96e9 jltma-glass-effect-no elementor-widget elementor-widget-text-editor\" data-id=\"f3f96e9\" data-element_type=\"widget\" data-e-type=\"widget\" data-widget_type=\"text-editor.default\">\n\t\t\t\t<div class=\"elementor-widget-container\">\n\t\t\t\t\t\t\t\t\t<p class=\"step-title\">1- Solicitamos al cliente la documentaci\u00f3n del producto.<\/p><p class=\"step-title\">2. Revisamos la documentaci\u00f3n, proponiendo posibles soluciones ante desviaciones de la normativa.<\/p><p>3. Notificamos el producto antes la autoridad sanitaria competente que corresponda.\u00a0<\/p><p>4. Subsanaci\u00f3n de cualquier anomal\u00eda ya existente por tr\u00e1mites anteriores. Contestando en plazo y forma.<\/p>\t\t\t\t\t\t\t\t<\/div>\n\t\t\t\t<\/div>\n\t\t\t\t\t<\/div>\n\t\t<\/div>\n\t\t\t\t\t<\/div>\n\t\t<\/section>\n\t\t\t\t<section class=\"elementor-section elementor-top-section elementor-element elementor-element-2bef731 elementor-section-stretched elementor-section-boxed elementor-section-height-default elementor-section-height-default jltma-glass-effect-no\" data-id=\"2bef731\" data-element_type=\"section\" data-e-type=\"section\" data-settings=\"{&quot;stretch_section&quot;:&quot;section-stretched&quot;,&quot;background_background&quot;:&quot;gradient&quot;}\">\n\t\t\t\t\t\t<div class=\"elementor-container elementor-column-gap-default\">\n\t\t\t\t\t<div class=\"elementor-column elementor-col-100 elementor-top-column elementor-element elementor-element-0e2380e jltma-glass-effect-no\" data-id=\"0e2380e\" data-element_type=\"column\" data-e-type=\"column\">\n\t\t\t<div class=\"elementor-widget-wrap elementor-element-populated\">\n\t\t\t\t\t\t<div class=\"elementor-element elementor-element-5b2494f jltma-glass-effect-no elementor-widget elementor-widget-text-editor\" data-id=\"5b2494f\" data-element_type=\"widget\" data-e-type=\"widget\" data-widget_type=\"text-editor.default\">\n\t\t\t\t<div class=\"elementor-widget-container\">\n\t\t\t\t\t\t\t\t\t<p>What makes us different<\/p>\t\t\t\t\t\t\t\t<\/div>\n\t\t\t\t<\/div>\n\t\t\t\t\t<\/div>\n\t\t<\/div>\n\t\t\t\t\t<\/div>\n\t\t<\/section>\n\t\t\t\t<section class=\"elementor-section elementor-top-section elementor-element elementor-element-1627c70 elementor-section-boxed elementor-section-height-default elementor-section-height-default jltma-glass-effect-no\" data-id=\"1627c70\" data-element_type=\"section\" data-e-type=\"section\">\n\t\t\t\t\t\t<div class=\"elementor-container elementor-column-gap-default\">\n\t\t\t\t\t<div class=\"elementor-column elementor-col-100 elementor-top-column elementor-element elementor-element-124f5f9 jltma-glass-effect-no\" data-id=\"124f5f9\" data-element_type=\"column\" data-e-type=\"column\">\n\t\t\t<div class=\"elementor-widget-wrap elementor-element-populated\">\n\t\t\t\t\t\t<div class=\"elementor-element elementor-element-02ab340 jltma-glass-effect-no elementor-widget elementor-widget-text-editor\" data-id=\"02ab340\" data-element_type=\"widget\" data-e-type=\"widget\" data-widget_type=\"text-editor.default\">\n\t\t\t\t<div class=\"elementor-widget-container\">\n\t\t\t\t\t\t\t\t\t<p style=\"text-align: center;\"><span style=\"font-size: 14pt;\">Si algo nos diferencia en la realizaci\u00f3n de este servicio es que nos adaptamos a cada circunstancia del cliente. De manera que la puesta al mercado del complemento alimenticio sea exitosa y con la mayor brevedad.\u00a0<\/span><\/p><p style=\"text-align: center;\"><span style=\"font-size: 14pt;\">Ofrecemos un servicio totalmente personalizado y a un precio competitivo.<\/span><\/p>\t\t\t\t\t\t\t\t<\/div>\n\t\t\t\t<\/div>\n\t\t\t\t<div class=\"elementor-element elementor-element-52ee988 elementor-view-framed elementor-shape-circle elementor-position-block-start elementor-mobile-position-block-start jltma-glass-effect-no elementor-widget elementor-widget-icon-box\" data-id=\"52ee988\" data-element_type=\"widget\" data-e-type=\"widget\" data-widget_type=\"icon-box.default\">\n\t\t\t\t<div class=\"elementor-widget-container\">\n\t\t\t\t\t\t\t<div class=\"elementor-icon-box-wrapper\">\n\n\t\t\t\t\t\t<div class=\"elementor-icon-box-icon\">\n\t\t\t\t<a href=\"https:\/\/apthisa.com\/en\/contacto-horario-mapa\/\" class=\"elementor-icon elementor-animation-pop\" tabindex=\"-1\" aria-label=\"REQUEST MORE INFORMATION\">\n\t\t\t\t<i aria-hidden=\"true\" class=\"fas fa-info-circle\"><\/i>\t\t\t\t<\/a>\n\t\t\t<\/div>\n\t\t\t\n\t\t\t\t\t\t<div class=\"elementor-icon-box-content\">\n\n\t\t\t\t\t\t\t\t\t<h4 class=\"elementor-icon-box-title\">\n\t\t\t\t\t\t<a href=\"https:\/\/apthisa.com\/en\/contacto-horario-mapa\/\" >\n\t\t\t\t\t\t\tREQUEST MORE INFORMATION\t\t\t\t\t\t<\/a>\n\t\t\t\t\t<\/h4>\n\t\t\t\t\n\t\t\t\t\n\t\t\t<\/div>\n\t\t\t\n\t\t<\/div>\n\t\t\t\t\t\t<\/div>\n\t\t\t\t<\/div>\n\t\t\t\t\t<\/div>\n\t\t<\/div>\n\t\t\t\t\t<\/div>\n\t\t<\/section>\n\t\t\t\t<\/div>","protected":false},"excerpt":{"rendered":"<p>COMPLEMENTOS ALIMENTICIOS PUESTA EN EL MERCADO \u00bfQu\u00e9 son los complementos alimenticios? Son productos alimenticios cuyo fin es complementar la dieta [&hellip;]<\/p>\n","protected":false},"author":1,"featured_media":19960,"parent":0,"menu_order":4,"comment_status":"closed","ping_status":"closed","template":"template-left-sidebar.php","meta":{"site-sidebar-layout":"default","site-content-layout":"","ast-site-content-layout":"default","site-content-style":"default","site-sidebar-style":"default","ast-global-header-display":"","ast-banner-title-visibility":"","ast-main-header-display":"","ast-hfb-above-header-display":"","ast-hfb-below-header-display":"","ast-hfb-mobile-header-display":"","site-post-title":"","ast-breadcrumbs-content":"","ast-featured-img":"","footer-sml-layout":"","ast-disable-related-posts":"","theme-transparent-header-meta":"","adv-header-id-meta":"","stick-header-meta":"","header-above-stick-meta":"","header-main-stick-meta":"","header-below-stick-meta":"","astra-migrate-meta-layouts":"default","ast-page-background-enabled":"default","ast-page-background-meta":{"desktop":{"background-color":"var(--ast-global-color-5)","background-image":"","background-repeat":"repeat","background-position":"center center","background-size":"auto","background-attachment":"scroll","background-type":"","background-media":"","overlay-type":"","overlay-color":"","overlay-opacity":"","overlay-gradient":""},"tablet":{"background-color":"","background-image":"","background-repeat":"repeat","background-position":"center center","background-size":"auto","background-attachment":"scroll","background-type":"","background-media":"","overlay-type":"","overlay-color":"","overlay-opacity":"","overlay-gradient":""},"mobile":{"background-color":"","background-image":"","background-repeat":"repeat","background-position":"center center","background-size":"auto","background-attachment":"scroll","background-type":"","background-media":"","overlay-type":"","overlay-color":"","overlay-opacity":"","overlay-gradient":""}},"ast-content-background-meta":{"desktop":{"background-color":"var(--ast-global-color-4)","background-image":"","background-repeat":"repeat","background-position":"center center","background-size":"auto","background-attachment":"scroll","background-type":"","background-media":"","overlay-type":"","overlay-color":"","overlay-opacity":"","overlay-gradient":""},"tablet":{"background-color":"var(--ast-global-color-4)","background-image":"","background-repeat":"repeat","background-position":"center center","background-size":"auto","background-attachment":"scroll","background-type":"","background-media":"","overlay-type":"","overlay-color":"","overlay-opacity":"","overlay-gradient":""},"mobile":{"background-color":"var(--ast-global-color-4)","background-image":"","background-repeat":"repeat","background-position":"center center","background-size":"auto","background-attachment":"scroll","background-type":"","background-media":"","overlay-type":"","overlay-color":"","overlay-opacity":"","overlay-gradient":""}},"footnotes":""},"class_list":["post-19959","page","type-page","status-publish","has-post-thumbnail","hentry"],"aioseo_notices":[],"_links":{"self":[{"href":"https:\/\/apthisa.com\/en\/wp-json\/wp\/v2\/pages\/19959","targetHints":{"allow":["GET"]}}],"collection":[{"href":"https:\/\/apthisa.com\/en\/wp-json\/wp\/v2\/pages"}],"about":[{"href":"https:\/\/apthisa.com\/en\/wp-json\/wp\/v2\/types\/page"}],"author":[{"embeddable":true,"href":"https:\/\/apthisa.com\/en\/wp-json\/wp\/v2\/users\/1"}],"replies":[{"embeddable":true,"href":"https:\/\/apthisa.com\/en\/wp-json\/wp\/v2\/comments?post=19959"}],"version-history":[{"count":3,"href":"https:\/\/apthisa.com\/en\/wp-json\/wp\/v2\/pages\/19959\/revisions"}],"predecessor-version":[{"id":19966,"href":"https:\/\/apthisa.com\/en\/wp-json\/wp\/v2\/pages\/19959\/revisions\/19966"}],"wp:featuredmedia":[{"embeddable":true,"href":"https:\/\/apthisa.com\/en\/wp-json\/wp\/v2\/media\/19960"}],"wp:attachment":[{"href":"https:\/\/apthisa.com\/en\/wp-json\/wp\/v2\/media?parent=19959"}],"curies":[{"name":"wp","href":"https:\/\/api.w.org\/{rel}","templated":true}]}}